{"id":1565,"date":"2023-03-10T11:38:12","date_gmt":"2023-03-10T11:38:12","guid":{"rendered":"https:\/\/lecampbell-sablon.be\/reserver-une-table\/"},"modified":"2023-03-15T16:16:34","modified_gmt":"2023-03-15T16:16:34","slug":"reserver-une-table","status":"publish","type":"page","link":"https:\/\/lecampbell-sablon.be\/nl\/reserver-une-table\/","title":{"rendered":"Boek een tafel"},"content":{"rendered":"<p>[et_pb_section fb_built=&#8221;1&#8243; admin_label=&#8221;Header&#8221; _builder_version=&#8221;4.17.6&#8243; _module_preset=&#8221;default&#8221; background_enable_color=&#8221;off&#8221; background_image=&#8221;https:\/\/lecampbell-sablon.be\/wp-content\/uploads\/2022\/09\/header-davita-srl-rue-awagne-purnode.png&#8221; background_enable_pattern_style=&#8221;on&#8221; background_pattern_style=&#8221;zig-zag&#8221; background_pattern_color=&#8221;rgba(0,0,0,0.13)&#8221; custom_padding=&#8221;4.5%||4.5%||true|false&#8221; locked=&#8221;off&#8221; collapsed=&#8221;on&#8221; global_colors_info=&#8221;{}&#8221;][et_pb_row _builder_version=&#8221;4.17.4&#8243; _module_preset=&#8221;default&#8221; max_width=&#8221;700px&#8221; global_colors_info=&#8221;{}&#8221;][et_pb_column type=&#8221;4_4&#8243; _builder_version=&#8221;4.17.4&#8243; _module_preset=&#8221;default&#8221; global_colors_info=&#8221;{}&#8221;][et_pb_text _builder_version=&#8221;4.17.6&#8243; _module_preset=&#8221;c16985e1-e0d6-4022-964d-e2bfc04fa633&#8243; header_font=&#8221;Handlee|600|||||||&#8221; header_text_color=&#8221;#FFFFFF&#8221; header_font_size=&#8221;56px&#8221; header_line_height=&#8221;1.2em&#8221; text_orientation=&#8221;center&#8221; hover_enabled=&#8221;0&#8243; header_font_size_tablet=&#8221;40px&#8221; header_font_size_phone=&#8221;35px&#8221; header_font_size_last_edited=&#8221;on|desktop&#8221; global_colors_info=&#8221;{}&#8221; sticky_enabled=&#8221;0&#8243;]<\/p>\n<h1>Boek een tafel<\/h1>\n<p>[\/et_pb_text][\/et_pb_column][\/et_pb_row][\/et_pb_section][et_pb_section fb_built=&#8221;1&#8243; admin_label=&#8221;Header&#8221; _builder_version=&#8221;4.17.6&#8243; _module_preset=&#8221;default&#8221; background_color=&#8221;#000000&#8243; background_enable_image=&#8221;off&#8221; background_size=&#8221;custom&#8221; background_image_height=&#8221;6vw&#8221; background_position=&#8221;top_center&#8221; custom_padding=&#8221;35px||35px||true|false&#8221; collapsed=&#8221;on&#8221; global_colors_info=&#8221;{}&#8221;][et_pb_row column_structure=&#8221;1_5,1_5,1_5,1_5,1_5&#8243; _builder_version=&#8221;4.17.6&#8243; _module_preset=&#8221;default&#8221; custom_padding=&#8221;||50px||false|false&#8221; locked=&#8221;off&#8221; global_colors_info=&#8221;{}&#8221;][et_pb_column type=&#8221;1_5&#8243; _builder_version=&#8221;4.17.6&#8243; _module_preset=&#8221;default&#8221; global_colors_info=&#8221;{}&#8221;][\/et_pb_column][et_pb_column type=&#8221;1_5&#8243; _builder_version=&#8221;4.17.6&#8243; _module_preset=&#8221;default&#8221; global_colors_info=&#8221;{}&#8221;][\/et_pb_column][et_pb_column type=&#8221;1_5&#8243; _builder_version=&#8221;4.17.6&#8243; _module_preset=&#8221;default&#8221; global_colors_info=&#8221;{}&#8221;][et_pb_image src=&#8221;https:\/\/lecampbell-sablon.be\/wp-content\/uploads\/2022\/12\/Logo-campbell_prev_ui.png&#8221; title_text=&#8221;Logo-campbell_prev_ui&#8221; _builder_version=&#8221;4.17.6&#8243; _module_preset=&#8221;default&#8221; global_colors_info=&#8221;{}&#8221;][\/et_pb_image][\/et_pb_column][et_pb_column type=&#8221;1_5&#8243; _builder_version=&#8221;4.17.6&#8243; _module_preset=&#8221;default&#8221; global_colors_info=&#8221;{}&#8221;][\/et_pb_column][et_pb_column type=&#8221;1_5&#8243; _builder_version=&#8221;4.17.6&#8243; _module_preset=&#8221;default&#8221; global_colors_info=&#8221;{}&#8221;][\/et_pb_column][\/et_pb_row][et_pb_row _builder_version=&#8221;4.17.4&#8243; _module_preset=&#8221;default&#8221; max_width=&#8221;900px&#8221; global_colors_info=&#8221;{}&#8221;][et_pb_column type=&#8221;4_4&#8243; _builder_version=&#8221;4.17.4&#8243; _module_preset=&#8221;default&#8221; global_colors_info=&#8221;{}&#8221;][et_pb_text _builder_version=&#8221;4.17.6&#8243; _module_preset=&#8221;c16985e1-e0d6-4022-964d-e2bfc04fa633&#8243; header_font=&#8221;Jost|600|||||||&#8221; header_text_color=&#8221;#000000&#8243; header_font_size=&#8221;75px&#8221; header_line_height=&#8221;1.2em&#8221; header_2_font=&#8221;Jost||||||||&#8221; header_2_font_size=&#8221;30px&#8221; header_2_line_height=&#8221;1.3em&#8221; text_orientation=&#8221;center&#8221; custom_margin=&#8221;||17px|||&#8221; hover_enabled=&#8221;0&#8243; header_font_size_tablet=&#8221;40px&#8221; header_font_size_phone=&#8221;24px&#8221; header_font_size_last_edited=&#8221;on|desktop&#8221; global_colors_info=&#8221;{}&#8221; sticky_enabled=&#8221;0&#8243;]<\/p>\n<h2 style=\"text-align: center;\">Reserveer een tafel bij Campbell voor een onvergetelijke avond.<\/h2>\n<p>[\/et_pb_text][et_pb_text module_class=&#8221;cls-a-blight&#8221; _builder_version=&#8221;4.17.6&#8243; _module_preset=&#8221;1f09816e-184e-4ce5-a4cf-b39c52c423ca&#8221; text_font=&#8221;Open Sans||||||||&#8221; text_text_color=&#8221;#666666&#8243; text_font_size=&#8221;16px&#8221; text_line_height=&#8221;1.8em&#8221; text_orientation=&#8221;center&#8221; hover_enabled=&#8221;0&#8243; text_font_size_tablet=&#8221;15px&#8221; text_font_size_phone=&#8221;14px&#8221; text_font_size_last_edited=&#8221;on|phone&#8221; header_font_size_tablet=&#8221;55px&#8221; header_font_size_last_edited=&#8221;off|desktop&#8221; global_colors_info=&#8221;{}&#8221; sticky_enabled=&#8221;0&#8243;]<\/p>\n<p style=\"text-align: center;\">Als u al lid bent van Campbell, kunt u een exclusieve tafel reserveren voor uw priv\u00e9avond. We bieden tafels voor groepen van verschillende groottes, met VIP-ruimtes voor een nog exclusievere ervaring.<\/p>\n<p>[\/et_pb_text][\/et_pb_column][\/et_pb_row][\/et_pb_section][et_pb_section fb_built=&#8221;1&#8243; admin_label=&#8221;Mission&#8221; _builder_version=&#8221;4.17.6&#8243; _module_preset=&#8221;default&#8221; background_color=&#8221;#000000&#8243; custom_padding=&#8221;29px|||||&#8221; collapsed=&#8221;on&#8221; global_colors_info=&#8221;{}&#8221;][et_pb_row column_structure=&#8221;1_2,1_2&#8243; use_custom_gutter=&#8221;on&#8221; gutter_width=&#8221;2&#8243; make_equal=&#8221;on&#8221; _builder_version=&#8221;4.17.6&#8243; _module_preset=&#8221;default&#8221; custom_padding=&#8221;0px||0px||false|false&#8221; global_colors_info=&#8221;{}&#8221;][et_pb_column type=&#8221;1_2&#8243; _builder_version=&#8221;4.17.6&#8243; _module_preset=&#8221;default&#8221; background_image=&#8221;https:\/\/lecampbell-sablon.be\/wp-content\/uploads\/2022\/09\/horaires-ouverture-de-notre-etablissement-dans-le-quartier-du-sablon-davita-srl-rue-awagne-purnode.png&#8221; global_colors_info=&#8221;{}&#8221;][\/et_pb_column][et_pb_column type=&#8221;1_2&#8243; _builder_version=&#8221;4.17.4&#8243; _module_preset=&#8221;default&#8221; custom_padding=&#8221;5%||5%||true|false&#8221; global_colors_info=&#8221;{}&#8221;][et_pb_text _builder_version=&#8221;4.17.6&#8243; _module_preset=&#8221;1f09816e-184e-4ce5-a4cf-b39c52c423ca&#8221; text_font=&#8221;Open Sans||||||||&#8221; text_text_color=&#8221;#666666&#8243; text_font_size=&#8221;16px&#8221; text_line_height=&#8221;1.8em&#8221; hover_enabled=&#8221;0&#8243; text_font_size_tablet=&#8221;15px&#8221; text_font_size_phone=&#8221;14px&#8221; text_font_size_last_edited=&#8221;on|phone&#8221; header_font_size_tablet=&#8221;55px&#8221; header_font_size_last_edited=&#8221;off|desktop&#8221; global_colors_info=&#8221;{}&#8221; sticky_enabled=&#8221;0&#8243;]<\/p>\n<p>Houd er rekening mee dat toegang tot Campbell alleen mogelijk is bij reservering van een tafel en dat onze tafels afhankelijk zijn van beschikbaarheid.<\/p>\n<p>Om een tafel te reserveren, neemt u contact met ons op via e-mail met behulp van het contactformulier op onze website. Ons toegewijde team staat klaar om u te helpen bij het plannen en aanpassen van uw avond, en we bieden opties voor eten en drinken om ervoor te zorgen dat u een onvergetelijke avond heeft.<\/p>\n<p>Houd er rekening mee dat toegang tot de club alleen voor leden van Campbell is. Als u nog geen lid bent, moet u de inschrijvingsprocedure volgen die wordt beschreven op onze speciale pagina voordat u een tafel kunt reserveren.<\/p>\n<p>We kijken ernaar uit u te verwelkomen voor een onvergetelijke avond bij Campbell.<\/p>\n<p>[\/et_pb_text][\/et_pb_column][\/et_pb_row][\/et_pb_section][et_pb_section fb_built=&#8221;1&#8243; module_class=&#8221;cls-display-none&#8221; _builder_version=&#8221;4.17.6&#8243; _module_preset=&#8221;default&#8221; global_colors_info=&#8221;{}&#8221;][et_pb_row _builder_version=&#8221;4.17.6&#8243; _module_preset=&#8221;default&#8221; global_colors_info=&#8221;{}&#8221;][et_pb_column type=&#8221;4_4&#8243; _builder_version=&#8221;4.17.6&#8243; _module_preset=&#8221;default&#8221; global_colors_info=&#8221;{}&#8221;][et_pb_text _builder_version=&#8221;4.17.6&#8243; _module_preset=&#8221;default&#8221; global_colors_info=&#8221;{}&#8221;]<\/p>\n<p>Le Campbell est un bar \u00e0 cocktails situ\u00e9 dans le quartier du Sablon \u00e0 Bruxelles. Facile d\u2019acc\u00e8s, nous vous accueillons dans un espace convivial et propice \u00e0 la f\u00eate. Venez d\u00e9guster nos mocktails, nos cocktails ou notre s\u00e9lection de spiritueux. Pour toute r\u00e9servation et privatisation de notre salle, contactez-nous.<\/p>\n<p>[\/et_pb_text][\/et_pb_column][\/et_pb_row][\/et_pb_section][et_pb_section fb_built=&#8221;1&#8243; admin_label=&#8221;Call to Action&#8221; _builder_version=&#8221;4.17.6&#8243; _module_preset=&#8221;default&#8221; background_image=&#8221;https:\/\/lecampbell-sablon.be\/wp-content\/uploads\/2022\/09\/le-campbell-a-bruxelles-contact-davita-srl-rue-awagne-purnode.png&#8221; custom_padding=&#8221;6vw||6vw||true|false&#8221; locked=&#8221;off&#8221; collapsed=&#8221;on&#8221; global_colors_info=&#8221;{}&#8221;][et_pb_row _builder_version=&#8221;4.17.4&#8243; _module_preset=&#8221;default&#8221; max_width=&#8221;800px&#8221; global_colors_info=&#8221;{}&#8221;][et_pb_column type=&#8221;4_4&#8243; _builder_version=&#8221;4.17.4&#8243; _module_preset=&#8221;default&#8221; global_colors_info=&#8221;{}&#8221;][et_pb_text _builder_version=&#8221;4.17.6&#8243; _module_preset=&#8221;e6504a1b-67eb-4b3d-b023-bcab277610b6&#8243; header_2_font=&#8221;Jost||||||||&#8221; header_2_text_color=&#8221;#FFFFFF&#8221; header_2_font_size=&#8221;31px&#8221; header_4_font=&#8221;Inter|700||on|||||&#8221; header_4_text_color=&#8221;#FFFFFF&#8221; header_4_font_size=&#8221;14px&#8221; header_4_letter_spacing=&#8221;0.3em&#8221; header_4_line_height=&#8221;1.4em&#8221; text_orientation=&#8221;center&#8221; custom_margin=&#8221;||0px||false|false&#8221; hover_enabled=&#8221;0&#8243; global_colors_info=&#8221;{}&#8221; sticky_enabled=&#8221;0&#8243;]<\/p>\n<h2>Le Campbell in Brussel &#8211; Contact<\/h2>\n<p>[\/et_pb_text][et_pb_text _builder_version=&#8221;4.17.6&#8243; _module_preset=&#8221;ffe14536-d7e1-4378-896b-66e09e432719&#8243; header_text_color=&#8221;#FFFFFF&#8221; header_2_font=&#8221;Jost|600|||||||&#8221; header_2_text_color=&#8221;#FF6A00&#8243; header_2_font_size=&#8221;65px&#8221; header_2_line_height=&#8221;1.2em&#8221; header_3_font=&#8221;Handlee||||||||&#8221; header_3_text_color=&#8221;#e5b02c&#8221; header_3_font_size=&#8221;42px&#8221; header_3_line_height=&#8221;1.2em&#8221; text_orientation=&#8221;center&#8221; module_alignment=&#8221;center&#8221; hover_enabled=&#8221;0&#8243; header_2_font_size_tablet=&#8221;40px&#8221; header_2_font_size_phone=&#8221;24px&#8221; header_2_font_size_last_edited=&#8221;on|phone&#8221; header_3_font_size_tablet=&#8221;41px&#8221; header_3_font_size_phone=&#8221;41px&#8221; header_3_font_size_last_edited=&#8221;on|phone&#8221; global_colors_info=&#8221;{}&#8221; sticky_enabled=&#8221;0&#8243;]<\/p>\n<h3><strong>Contacteer ons team<\/strong><\/h3>\n<p>[\/et_pb_text][et_pb_text _builder_version=&#8221;4.17.6&#8243; _module_preset=&#8221;ffe14536-d7e1-4378-896b-66e09e432719&#8243; text_font=&#8221;Open Sans|600|||||||&#8221; text_text_color=&#8221;#FFFFFF&#8221; text_font_size=&#8221;16px&#8221; text_line_height=&#8221;1.8em&#8221; header_text_color=&#8221;#FFFFFF&#8221; header_2_font=&#8221;Jost|600|||||||&#8221; header_2_text_color=&#8221;#FF6A00&#8243; header_2_font_size=&#8221;75px&#8221; header_2_line_height=&#8221;1.2em&#8221; text_orientation=&#8221;center&#8221; module_alignment=&#8221;center&#8221; hover_enabled=&#8221;0&#8243; header_2_font_size_tablet=&#8221;40px&#8221; header_2_font_size_phone=&#8221;24px&#8221; header_2_font_size_last_edited=&#8221;on|phone&#8221; global_colors_info=&#8221;{}&#8221; sticky_enabled=&#8221;0&#8243;]<\/p>\n<p>Als u nog vragen heeft over onze cocktailbar in Brussel of een ander verzoek, aarzel dan niet om contact met ons op te nemen.<\/p>\n<p>[\/et_pb_text][et_pb_button button_url=&#8221;\/nl\/contact-bruxelles&#8221; button_text=&#8221;Contacteer ons&#8221; button_alignment=&#8221;center&#8221; _builder_version=&#8221;4.17.6&#8243; _module_preset=&#8221;f489fdc3-bf1e-40c7-852b-c42851d4acb9&#8243; custom_button=&#8221;on&#8221; button_text_size=&#8221;14px&#8221; button_text_color=&#8221;#000000&#8243; button_bg_color=&#8221;#FFFFFF&#8221; button_border_color=&#8221;#FFFFFF&#8221; button_border_radius=&#8221;0px&#8221; button_font=&#8221;Inter|700||on|||||&#8221; button_use_icon=&#8221;off&#8221; custom_padding=&#8221;16px|24px|16px|24px|true|true&#8221; hover_enabled=&#8221;0&#8243; global_colors_info=&#8221;{}&#8221; sticky_enabled=&#8221;0&#8243;][\/et_pb_button][\/et_pb_column][\/et_pb_row][\/et_pb_section]<\/p>\n","protected":false},"excerpt":{"rendered":"<p>Boek een tafelReserveer een tafel bij Campbell voor een onvergetelijke avond.Als u al lid bent van Campbell, kunt u een exclusieve tafel reserveren voor uw priv\u00e9avond. We bieden tafels voor groepen van verschillende groottes, met VIP-ruimtes voor een nog exclusievere ervaring.Houd er rekening mee dat toegang tot Campbell alleen mogelijk is bij reservering van een [&hellip;]<\/p>\n","protected":false},"author":2,"featured_media":0,"parent":0,"menu_order":0,"comment_status":"closed","ping_status":"closed","template":"","meta":{"_et_pb_use_builder":"on","_et_pb_old_content":"<!-- wp:divi\/placeholder \/-->","_et_gb_content_width":"","footnotes":""},"class_list":["post-1565","page","type-page","status-publish","hentry"],"yoast_head":"<!-- This site is optimized with the Yoast SEO plugin v26.3 - https:\/\/yoast.com\/wordpress\/plugins\/seo\/ -->\n<title>Boek een tafel - Campbell<\/title>\n<meta name=\"robots\" content=\"index, follow, max-snippet:-1, max-image-preview:large, max-video-preview:-1\" \/>\n<link rel=\"canonical\" href=\"https:\/\/lecampbell-sablon.be\/nl\/reserver-une-table\/\" \/>\n<meta property=\"og:locale\" content=\"nl_NL\" \/>\n<meta property=\"og:type\" content=\"article\" \/>\n<meta property=\"og:title\" content=\"Boek een tafel - Campbell\" \/>\n<meta property=\"og:description\" content=\"Boek een tafelReserveer een tafel bij Campbell voor een onvergetelijke avond.Als u al lid bent van Campbell, kunt u een exclusieve tafel reserveren voor uw priv\u00e9avond. We bieden tafels voor groepen van verschillende groottes, met VIP-ruimtes voor een nog exclusievere ervaring.Houd er rekening mee dat toegang tot Campbell alleen mogelijk is bij reservering van een [&hellip;]\" \/>\n<meta property=\"og:url\" content=\"https:\/\/lecampbell-sablon.be\/nl\/reserver-une-table\/\" \/>\n<meta property=\"og:site_name\" content=\"Campbell\" \/>\n<meta property=\"article:modified_time\" content=\"2023-03-15T16:16:34+00:00\" \/>\n<meta property=\"og:image\" content=\"https:\/\/lecampbell-sablon.be\/wp-content\/uploads\/2022\/09\/logo.png\" \/>\n\t<meta property=\"og:image:width\" content=\"776\" \/>\n\t<meta property=\"og:image:height\" content=\"192\" \/>\n\t<meta property=\"og:image:type\" content=\"image\/png\" \/>\n<meta name=\"twitter:card\" content=\"summary_large_image\" \/>\n<meta name=\"twitter:label1\" content=\"Geschatte leestijd\" \/>\n\t<meta name=\"twitter:data1\" content=\"3 minuten\" \/>\n<script type=\"application\/ld+json\" class=\"yoast-schema-graph\">{\"@context\":\"https:\/\/schema.org\",\"@graph\":[{\"@type\":\"WebPage\",\"@id\":\"https:\/\/lecampbell-sablon.be\/nl\/reserver-une-table\/\",\"url\":\"https:\/\/lecampbell-sablon.be\/nl\/reserver-une-table\/\",\"name\":\"Boek een tafel - Campbell\",\"isPartOf\":{\"@id\":\"https:\/\/lecampbell-sablon.be\/nl\/#website\"},\"datePublished\":\"2023-03-10T11:38:12+00:00\",\"dateModified\":\"2023-03-15T16:16:34+00:00\",\"breadcrumb\":{\"@id\":\"https:\/\/lecampbell-sablon.be\/nl\/reserver-une-table\/#breadcrumb\"},\"inLanguage\":\"nl-NL\",\"potentialAction\":[{\"@type\":\"ReadAction\",\"target\":[\"https:\/\/lecampbell-sablon.be\/nl\/reserver-une-table\/\"]}]},{\"@type\":\"BreadcrumbList\",\"@id\":\"https:\/\/lecampbell-sablon.be\/nl\/reserver-une-table\/#breadcrumb\",\"itemListElement\":[{\"@type\":\"ListItem\",\"position\":1,\"name\":\"Accueil\",\"item\":\"https:\/\/lecampbell-sablon.be\/nl\/\"},{\"@type\":\"ListItem\",\"position\":2,\"name\":\"Boek een tafel\"}]},{\"@type\":\"WebSite\",\"@id\":\"https:\/\/lecampbell-sablon.be\/nl\/#website\",\"url\":\"https:\/\/lecampbell-sablon.be\/nl\/\",\"name\":\"Le Campbell\",\"description\":\"\",\"publisher\":{\"@id\":\"https:\/\/lecampbell-sablon.be\/nl\/#organization\"},\"potentialAction\":[{\"@type\":\"SearchAction\",\"target\":{\"@type\":\"EntryPoint\",\"urlTemplate\":\"https:\/\/lecampbell-sablon.be\/nl\/?s={search_term_string}\"},\"query-input\":{\"@type\":\"PropertyValueSpecification\",\"valueRequired\":true,\"valueName\":\"search_term_string\"}}],\"inLanguage\":\"nl-NL\"},{\"@type\":\"Organization\",\"@id\":\"https:\/\/lecampbell-sablon.be\/nl\/#organization\",\"name\":\"Le Campbell\",\"url\":\"https:\/\/lecampbell-sablon.be\/nl\/\",\"logo\":{\"@type\":\"ImageObject\",\"inLanguage\":\"nl-NL\",\"@id\":\"https:\/\/lecampbell-sablon.be\/nl\/#\/schema\/logo\/image\/\",\"url\":\"https:\/\/lecampbell-sablon.be\/wp-content\/uploads\/2022\/10\/Logo-campbell.jpeg\",\"contentUrl\":\"https:\/\/lecampbell-sablon.be\/wp-content\/uploads\/2022\/10\/Logo-campbell.jpeg\",\"width\":1024,\"height\":313,\"caption\":\"Le Campbell\"},\"image\":{\"@id\":\"https:\/\/lecampbell-sablon.be\/nl\/#\/schema\/logo\/image\/\"}}]}<\/script>\n<!-- \/ Yoast SEO plugin. -->","yoast_head_json":{"title":"Boek een tafel - Campbell","robots":{"index":"index","follow":"follow","max-snippet":"max-snippet:-1","max-image-preview":"max-image-preview:large","max-video-preview":"max-video-preview:-1"},"canonical":"https:\/\/lecampbell-sablon.be\/nl\/reserver-une-table\/","og_locale":"nl_NL","og_type":"article","og_title":"Boek een tafel - Campbell","og_description":"Boek een tafelReserveer een tafel bij Campbell voor een onvergetelijke avond.Als u al lid bent van Campbell, kunt u een exclusieve tafel reserveren voor uw priv\u00e9avond. We bieden tafels voor groepen van verschillende groottes, met VIP-ruimtes voor een nog exclusievere ervaring.Houd er rekening mee dat toegang tot Campbell alleen mogelijk is bij reservering van een [&hellip;]","og_url":"https:\/\/lecampbell-sablon.be\/nl\/reserver-une-table\/","og_site_name":"Campbell","article_modified_time":"2023-03-15T16:16:34+00:00","og_image":[{"width":776,"height":192,"url":"https:\/\/lecampbell-sablon.be\/wp-content\/uploads\/2022\/09\/logo.png","type":"image\/png"}],"twitter_card":"summary_large_image","twitter_misc":{"Geschatte leestijd":"3 minuten"},"schema":{"@context":"https:\/\/schema.org","@graph":[{"@type":"WebPage","@id":"https:\/\/lecampbell-sablon.be\/nl\/reserver-une-table\/","url":"https:\/\/lecampbell-sablon.be\/nl\/reserver-une-table\/","name":"Boek een tafel - Campbell","isPartOf":{"@id":"https:\/\/lecampbell-sablon.be\/nl\/#website"},"datePublished":"2023-03-10T11:38:12+00:00","dateModified":"2023-03-15T16:16:34+00:00","breadcrumb":{"@id":"https:\/\/lecampbell-sablon.be\/nl\/reserver-une-table\/#breadcrumb"},"inLanguage":"nl-NL","potentialAction":[{"@type":"ReadAction","target":["https:\/\/lecampbell-sablon.be\/nl\/reserver-une-table\/"]}]},{"@type":"BreadcrumbList","@id":"https:\/\/lecampbell-sablon.be\/nl\/reserver-une-table\/#breadcrumb","itemListElement":[{"@type":"ListItem","position":1,"name":"Accueil","item":"https:\/\/lecampbell-sablon.be\/nl\/"},{"@type":"ListItem","position":2,"name":"Boek een tafel"}]},{"@type":"WebSite","@id":"https:\/\/lecampbell-sablon.be\/nl\/#website","url":"https:\/\/lecampbell-sablon.be\/nl\/","name":"Le Campbell","description":"","publisher":{"@id":"https:\/\/lecampbell-sablon.be\/nl\/#organization"},"potentialAction":[{"@type":"SearchAction","target":{"@type":"EntryPoint","urlTemplate":"https:\/\/lecampbell-sablon.be\/nl\/?s={search_term_string}"},"query-input":{"@type":"PropertyValueSpecification","valueRequired":true,"valueName":"search_term_string"}}],"inLanguage":"nl-NL"},{"@type":"Organization","@id":"https:\/\/lecampbell-sablon.be\/nl\/#organization","name":"Le Campbell","url":"https:\/\/lecampbell-sablon.be\/nl\/","logo":{"@type":"ImageObject","inLanguage":"nl-NL","@id":"https:\/\/lecampbell-sablon.be\/nl\/#\/schema\/logo\/image\/","url":"https:\/\/lecampbell-sablon.be\/wp-content\/uploads\/2022\/10\/Logo-campbell.jpeg","contentUrl":"https:\/\/lecampbell-sablon.be\/wp-content\/uploads\/2022\/10\/Logo-campbell.jpeg","width":1024,"height":313,"caption":"Le Campbell"},"image":{"@id":"https:\/\/lecampbell-sablon.be\/nl\/#\/schema\/logo\/image\/"}}]}},"_links":{"self":[{"href":"https:\/\/lecampbell-sablon.be\/nl\/wp-json\/wp\/v2\/pages\/1565","targetHints":{"allow":["GET"]}}],"collection":[{"href":"https:\/\/lecampbell-sablon.be\/nl\/wp-json\/wp\/v2\/pages"}],"about":[{"href":"https:\/\/lecampbell-sablon.be\/nl\/wp-json\/wp\/v2\/types\/page"}],"author":[{"embeddable":true,"href":"https:\/\/lecampbell-sablon.be\/nl\/wp-json\/wp\/v2\/users\/2"}],"replies":[{"embeddable":true,"href":"https:\/\/lecampbell-sablon.be\/nl\/wp-json\/wp\/v2\/comments?post=1565"}],"version-history":[{"count":3,"href":"https:\/\/lecampbell-sablon.be\/nl\/wp-json\/wp\/v2\/pages\/1565\/revisions"}],"predecessor-version":[{"id":1616,"href":"https:\/\/lecampbell-sablon.be\/nl\/wp-json\/wp\/v2\/pages\/1565\/revisions\/1616"}],"wp:attachment":[{"href":"https:\/\/lecampbell-sablon.be\/nl\/wp-json\/wp\/v2\/media?parent=1565"}],"curies":[{"name":"wp","href":"https:\/\/api.w.org\/{rel}","templated":true}]}}