{"id":1574,"date":"2022-09-09T10:55:30","date_gmt":"2022-09-09T10:55:30","guid":{"rendered":"https:\/\/lecampbell-sablon.be\/contact-bruxelles\/"},"modified":"2023-03-15T16:51:34","modified_gmt":"2023-03-15T16:51:34","slug":"contact-bruxelles","status":"publish","type":"page","link":"https:\/\/lecampbell-sablon.be\/en\/contact-bruxelles\/","title":{"rendered":"Contact"},"content":{"rendered":"<p>[et_pb_section fb_built=&#8221;1&#8243; admin_label=&#8221;Header&#8221; _builder_version=&#8221;4.17.6&#8243; _module_preset=&#8221;default&#8221; background_enable_color=&#8221;off&#8221; background_image=&#8221;https:\/\/lecampbell-sablon.be\/wp-content\/uploads\/2022\/09\/header-davita-srl-rue-awagne-purnode.png&#8221; background_enable_pattern_style=&#8221;on&#8221; background_pattern_style=&#8221;zig-zag&#8221; background_pattern_color=&#8221;rgba(0,0,0,0.13)&#8221; custom_padding=&#8221;4.5%||4.5%||true|false&#8221; locked=&#8221;off&#8221; collapsed=&#8221;on&#8221; global_colors_info=&#8221;{}&#8221;][et_pb_row _builder_version=&#8221;4.17.4&#8243; _module_preset=&#8221;default&#8221; max_width=&#8221;700px&#8221; global_colors_info=&#8221;{}&#8221;][et_pb_column type=&#8221;4_4&#8243; _builder_version=&#8221;4.17.4&#8243; _module_preset=&#8221;default&#8221; global_colors_info=&#8221;{}&#8221;][et_pb_text _builder_version=&#8221;4.17.6&#8243; _module_preset=&#8221;c16985e1-e0d6-4022-964d-e2bfc04fa633&#8243; header_font=&#8221;Handlee|600|||||||&#8221; header_text_color=&#8221;#FFFFFF&#8221; header_font_size=&#8221;56px&#8221; header_line_height=&#8221;1.2em&#8221; text_orientation=&#8221;center&#8221; header_font_size_tablet=&#8221;40px&#8221; header_font_size_phone=&#8221;36px&#8221; header_font_size_last_edited=&#8221;on|desktop&#8221; global_colors_info=&#8221;{}&#8221;]<\/p>\n<h1>The Campbell in Brussels Contact<\/h1>\n<p>[\/et_pb_text][\/et_pb_column][\/et_pb_row][\/et_pb_section][et_pb_section fb_built=&#8221;1&#8243; admin_label=&#8221;FAQ&#8221; _builder_version=&#8221;4.17.6&#8243; _module_preset=&#8221;default&#8221; background_color=&#8221;#000000&#8243; collapsed=&#8221;on&#8221; global_colors_info=&#8221;{}&#8221;][et_pb_row _builder_version=&#8221;4.17.4&#8243; _module_preset=&#8221;default&#8221; custom_padding=&#8221;6px||6px||true|&#8221; global_colors_info=&#8221;{}&#8221;][et_pb_column type=&#8221;4_4&#8243; _builder_version=&#8221;4.17.4&#8243; _module_preset=&#8221;default&#8221; global_colors_info=&#8221;{}&#8221;][et_pb_icon font_icon=&#8221;&#x77;||divi||400&#8243; icon_color=&#8221;#e5b02c&#8221; icon_width=&#8221;112px&#8221; _builder_version=&#8221;4.17.6&#8243; _module_preset=&#8221;default&#8221; custom_margin=&#8221;||3px|||&#8221; global_colors_info=&#8221;{}&#8221;][\/et_pb_icon][et_pb_text _builder_version=&#8221;4.17.6&#8243; _module_preset=&#8221;b327cbe4-b1d5-4b66-ad37-40c8f2f061ba&#8221; header_2_font=&#8221;Jost|600|||||||&#8221; header_2_text_color=&#8221;#FFFFFF&#8221; header_2_font_size=&#8221;30px&#8221; header_2_line_height=&#8221;1.2em&#8221; text_orientation=&#8221;center&#8221; custom_margin=&#8221;15px|||||&#8221; header_2_font_size_tablet=&#8221;32px&#8221; header_2_font_size_phone=&#8221;35px&#8221; header_2_font_size_last_edited=&#8221;on|desktop&#8221; text_orientation_tablet=&#8221;left&#8221; text_orientation_phone=&#8221;left&#8221; text_orientation_last_edited=&#8221;on|tablet&#8221; global_colors_info=&#8221;{}&#8221;]<\/p>\n<h2 class=\"col2\" style=\"text-align: center;\">Contact our team<\/h2>\n<p>[\/et_pb_text][\/et_pb_column][\/et_pb_row][et_pb_row custom_padding_last_edited=&#8221;on|tablet&#8221; _builder_version=&#8221;4.17.4&#8243; _module_preset=&#8221;default&#8221; custom_margin_last_edited=&#8221;off|tablet&#8221; custom_padding=&#8221;18px||18px||true|&#8221; custom_padding_tablet=&#8221;||0px||false|false&#8221; custom_padding_phone=&#8221;||0px||false|false&#8221; global_colors_info=&#8221;{}&#8221;][et_pb_column type=&#8221;4_4&#8243; _builder_version=&#8221;4.17.4&#8243; _module_preset=&#8221;default&#8221; global_colors_info=&#8221;{}&#8221;][et_pb_text module_class=&#8221;cls-a-blight&#8221; _builder_version=&#8221;4.17.6&#8243; _module_preset=&#8221;1f09816e-184e-4ce5-a4cf-b39c52c423ca&#8221; text_font=&#8221;Open Sans||||||||&#8221; text_text_color=&#8221;#666666&#8243; text_font_size=&#8221;16px&#8221; text_line_height=&#8221;1.8em&#8221; text_font_size_tablet=&#8221;15px&#8221; text_font_size_phone=&#8221;14px&#8221; text_font_size_last_edited=&#8221;on|phone&#8221; header_font_size_tablet=&#8221;55px&#8221; header_font_size_last_edited=&#8221;off|desktop&#8221; global_colors_info=&#8221;{}&#8221;]<\/p>\n<p style=\"text-align: center;\">Are you looking for a nice<strong> <a href=\"https:\/\/lecampbell-sablon.be\/en\/a-propos-de-nous-bruxelles\/\">cocktail bar<\/a><\/strong> <strong>to have a drink with friends<\/strong> after work? You want to spend some good time with your friends around a chicha and a <strong><a href=\"https:\/\/lecampbell-sablon.be\/en\/notre-carte-bruxelles\/\">cocktail<\/a> <\/strong>in the Sablon district in Brussels? You want to organize a <strong><a href=\"https:\/\/lecampbell-sablon.be\/en\/galerie-bruxelles\/\">private party<\/a><\/strong> for the employees of your company or for your work team and you are looking for a festive place in Brussels? Discover <strong><a href=\"https:\/\/lecampbell-sablon.be\/en\/\">our cocktail bar in Brussels &#8211; Le Campbell<\/a>.<\/strong> To ask us a question about our menu, our cocktails or for any other request, contact us.<\/p>\n<p>[\/et_pb_text][\/et_pb_column][\/et_pb_row][\/et_pb_section][et_pb_section fb_built=&#8221;1&#8243; admin_label=&#8221;Contact&#8221; _builder_version=&#8221;4.17.4&#8243; _module_preset=&#8221;default&#8221; custom_padding=&#8221;0px||0px||false|false&#8221; collapsed=&#8221;on&#8221; global_colors_info=&#8221;{}&#8221;][et_pb_row column_structure=&#8221;1_3,1_3,1_3&#8243; disabled_on=&#8221;on|on|on&#8221; module_class=&#8221;infos-contact&#8221; _builder_version=&#8221;4.17.6&#8243; _module_preset=&#8221;default&#8221; custom_padding=&#8221;60px||60px||true|false&#8221; disabled=&#8221;on&#8221; global_colors_info=&#8221;{}&#8221;][et_pb_column type=&#8221;1_3&#8243; _builder_version=&#8221;4.17.4&#8243; _module_preset=&#8221;default&#8221; global_colors_info=&#8221;{}&#8221;][et_pb_blurb url=&#8221;\/contact-bruxelles\/#maps&#8221; use_icon=&#8221;on&#8221; font_icon=&#8221;&#xf3c5;||fa||900&#8243; icon_color=&#8221;#e5b02c&#8221; image_icon_width=&#8221;30px&#8221; module_class=&#8221;white&#8221; _builder_version=&#8221;4.17.6&#8243; _module_preset=&#8221;default&#8221; text_orientation=&#8221;center&#8221; global_colors_info=&#8221;{}&#8221;]<\/p>\n<p><a href=\"https:\/\/lecampbell-sablon.be\/en\/contact-bruxelles\/#maps\"><strong>14 Rue des Pigeons <\/strong><strong>1000 Bruxelles<\/strong><\/a><\/p>\n<p>[\/et_pb_blurb][\/et_pb_column][et_pb_column type=&#8221;1_3&#8243; _builder_version=&#8221;4.17.4&#8243; _module_preset=&#8221;default&#8221; global_colors_info=&#8221;{}&#8221;][et_pb_blurb use_icon=&#8221;on&#8221; font_icon=&#8221;&#xe090;||divi||400&#8243; icon_color=&#8221;#e5b02c&#8221; image_icon_width=&#8221;30px&#8221; disabled_on=&#8221;on|on|on&#8221; module_class=&#8221;class-lien&#8221; _builder_version=&#8221;4.17.6&#8243; _module_preset=&#8221;default&#8221; body_text_color=&#8221;#FFFFFF&#8221; text_orientation=&#8221;center&#8221; disabled=&#8221;on&#8221; locked=&#8221;off&#8221; global_colors_info=&#8221;{}&#8221;]<\/p>\n<p class=\"p1\"><a href=\"tel:0471%2041 70 76\"><b>0486 03 97 71<\/b><\/a><\/p>\n<p>[\/et_pb_blurb][\/et_pb_column][et_pb_column type=&#8221;1_3&#8243; _builder_version=&#8221;4.17.4&#8243; _module_preset=&#8221;default&#8221; global_colors_info=&#8221;{}&#8221;][et_pb_blurb url=&#8221;mailto:contact@lecampbell-sablon.be&#8221; use_icon=&#8221;on&#8221; font_icon=&#8221;&#xf0e0;||fa||900&#8243; icon_color=&#8221;#e5b02c&#8221; image_icon_width=&#8221;30px&#8221; module_class=&#8221;class-lien&#8221; _builder_version=&#8221;4.17.6&#8243; _module_preset=&#8221;default&#8221; text_orientation=&#8221;center&#8221; locked=&#8221;off&#8221; global_colors_info=&#8221;{}&#8221;]<\/p>\n<p><strong><a href=\"mailto:contact@lecampbell-sablon.be\">contact@lecampbell-sablon.be<\/a><\/strong><\/p>\n<p>[\/et_pb_blurb][\/et_pb_column][\/et_pb_row][et_pb_row column_structure=&#8221;1_2,1_2&#8243; module_class=&#8221;infos-contact&#8221; _builder_version=&#8221;4.17.6&#8243; _module_preset=&#8221;default&#8221; custom_padding=&#8221;60px||60px||true|false&#8221; global_colors_info=&#8221;{}&#8221;][et_pb_column type=&#8221;1_2&#8243; _builder_version=&#8221;4.17.4&#8243; _module_preset=&#8221;default&#8221; global_colors_info=&#8221;{}&#8221;][et_pb_blurb url=&#8221;\/contact-bruxelles\/#maps&#8221; use_icon=&#8221;on&#8221; font_icon=&#8221;&#xf3c5;||fa||900&#8243; icon_color=&#8221;#e5b02c&#8221; image_icon_width=&#8221;30px&#8221; module_class=&#8221;white&#8221; _builder_version=&#8221;4.17.6&#8243; _module_preset=&#8221;default&#8221; text_orientation=&#8221;center&#8221; global_colors_info=&#8221;{}&#8221;]<\/p>\n<p><a href=\"https:\/\/lecampbell-sablon.be\/en\/contact-bruxelles\/#maps\"><strong>14 Rue des Pigeons <\/strong><strong>1000 Bruxelles<\/strong><\/a><\/p>\n<p>[\/et_pb_blurb][\/et_pb_column][et_pb_column type=&#8221;1_2&#8243; _builder_version=&#8221;4.17.4&#8243; _module_preset=&#8221;default&#8221; global_colors_info=&#8221;{}&#8221;][et_pb_blurb url=&#8221;mailto:contact@lecampbell-sablon.be&#8221; use_icon=&#8221;on&#8221; font_icon=&#8221;&#xf0e0;||fa||900&#8243; icon_color=&#8221;#e5b02c&#8221; image_icon_width=&#8221;30px&#8221; module_class=&#8221;class-lien&#8221; _builder_version=&#8221;4.17.6&#8243; _module_preset=&#8221;default&#8221; text_orientation=&#8221;center&#8221; locked=&#8221;off&#8221; global_colors_info=&#8221;{}&#8221;]<\/p>\n<p><strong><a href=\"mailto:contact@lecampbell-sablon.be\">contact@lecampbell-sablon.be<\/a><\/strong><\/p>\n<p>[\/et_pb_blurb][\/et_pb_column][\/et_pb_row][et_pb_row use_custom_gutter=&#8221;on&#8221; gutter_width=&#8221;1&#8243; make_equal=&#8221;on&#8221; module_class=&#8221;info-contact&#8221; _builder_version=&#8221;4.17.6&#8243; _module_preset=&#8221;default&#8221; background_color=&#8221;#000000&#8243; width=&#8221;100%&#8221; max_width=&#8221;100%&#8221; custom_padding=&#8221;0px||0px||false|false&#8221; global_colors_info=&#8221;{}&#8221;][et_pb_column type=&#8221;4_4&#8243; _builder_version=&#8221;4.17.6&#8243; _module_preset=&#8221;default&#8221; background_color=&#8221;RGBA(255,255,255,0)&#8221; custom_padding=&#8221;||||true|false&#8221; custom_padding_tablet=&#8221;70px|70px|70px|70px|true|true&#8221; custom_padding_phone=&#8221;30px|30px|30px|30px|true|true&#8221; custom_padding_last_edited=&#8221;on|phone&#8221; global_colors_info=&#8221;{}&#8221;][et_pb_code module_class=&#8221;class-form&#8221; _builder_version=&#8221;4.17.6&#8243; _module_preset=&#8221;default&#8221; width=&#8221;50%&#8221; width_tablet=&#8221;90%&#8221; width_phone=&#8221;90%&#8221; width_last_edited=&#8221;on|phone&#8221; max_width=&#8221;50%&#8221; max_width_tablet=&#8221;90%&#8221; max_width_phone=&#8221;90%&#8221; max_width_last_edited=&#8221;on|phone&#8221; module_alignment=&#8221;center&#8221; hover_enabled=&#8221;0&#8243; global_colors_info=&#8221;{}&#8221; sticky_enabled=&#8221;0&#8243;]<iframe src=\"https:\/\/mywebforce.webforce.be\/form\/909\" id=\"iframeForm\" style=\"width:100%;height: 700px;\" frameborder=\"0\"><\/iframe>[\/et_pb_code][\/et_pb_column][\/et_pb_row][\/et_pb_section][et_pb_section fb_built=&#8221;1&#8243; fullwidth=&#8221;on&#8221; _builder_version=&#8221;4.17.6&#8243; _module_preset=&#8221;default&#8221; global_colors_info=&#8221;{}&#8221;][et_pb_fullwidth_code module_id=&#8221;maps&#8221; _builder_version=&#8221;4.17.6&#8243; _module_preset=&#8221;default&#8221; global_colors_info=&#8221;{}&#8221;]<!-- [et_pb_line_break_holder] --><iframe src=\"https:\/\/www.google.com\/maps\/embed?pb=!1m18!1m12!1m3!1d2519.459759476689!2d4.3511542159684105!3d50.8411699670148!2m3!1f0!2f0!3f0!3m2!1i1024!2i768!4f13.1!3m3!1m2!1s0x47c3c47c46c2284b%3A0xd23a094b1d72ea90!2sRue%20des%20Pigeons%2014%2C%201000%20Bruxelles%2C%20Belgique!5e0!3m2!1sfr!2sma!4v1664444608390!5m2!1sfr!2sma\" width=\"100%\" height=\"450\" style=\"border:0;\" allowfullscreen=\"\" loading=\"lazy\" referrerpolicy=\"no-referrer-when-downgrade\"><\/iframe>[\/et_pb_fullwidth_code][\/et_pb_section]<\/p>\n","protected":false},"excerpt":{"rendered":"<p>The Campbell in Brussels ContactContact our teamAre you looking for a nice cocktail bar to have a drink with friends after work? You want to spend some good time with your friends around a chicha and a cocktail in the Sablon district in Brussels? You want to organize a private party for the employees of [&hellip;]<\/p>\n","protected":false},"author":2,"featured_media":0,"parent":0,"menu_order":0,"comment_status":"closed","ping_status":"closed","template":"","meta":{"_et_pb_use_builder":"on","_et_pb_old_content":"<!-- wp:divi\/placeholder \/-->","_et_gb_content_width":"","footnotes":""},"class_list":["post-1574","page","type-page","status-publish","hentry"],"yoast_head":"<!-- This site is optimized with the Yoast SEO plugin v26.3 - https:\/\/yoast.com\/wordpress\/plugins\/seo\/ -->\n<title>Le Campbell \u00e0 Bruxelles - Contact<\/title>\n<meta name=\"description\" content=\"Vous d\u00e9sirez organiser une soir\u00e9e priv\u00e9e pour les salari\u00e9s de votre entreprise ou pour votre \u00e9quipe et vous recherchez un lieu \u00e0 Bruxelles ?\" \/>\n<meta name=\"robots\" content=\"index, follow, max-snippet:-1, max-image-preview:large, max-video-preview:-1\" \/>\n<link rel=\"canonical\" href=\"https:\/\/lecampbell-sablon.be\/en\/contact-bruxelles\/\" \/>\n<meta property=\"og:locale\" content=\"en_US\" \/>\n<meta property=\"og:type\" content=\"article\" \/>\n<meta property=\"og:title\" content=\"Le Campbell \u00e0 Bruxelles - Contact\" \/>\n<meta property=\"og:description\" content=\"Vous d\u00e9sirez organiser une soir\u00e9e priv\u00e9e pour les salari\u00e9s de votre entreprise ou pour votre \u00e9quipe et vous recherchez un lieu \u00e0 Bruxelles ?\" \/>\n<meta property=\"og:url\" content=\"https:\/\/lecampbell-sablon.be\/en\/contact-bruxelles\/\" \/>\n<meta property=\"og:site_name\" content=\"Campbell\" \/>\n<meta property=\"article:modified_time\" content=\"2023-03-15T16:51:34+00:00\" \/>\n<meta property=\"og:image\" content=\"https:\/\/lecampbell-sablon.be\/wp-content\/uploads\/2022\/09\/logo.png\" \/>\n\t<meta property=\"og:image:width\" content=\"776\" \/>\n\t<meta property=\"og:image:height\" content=\"192\" \/>\n\t<meta property=\"og:image:type\" content=\"image\/png\" \/>\n<meta name=\"twitter:card\" content=\"summary_large_image\" \/>\n<meta name=\"twitter:label1\" content=\"Est. reading time\" \/>\n\t<meta name=\"twitter:data1\" content=\"2 minutes\" \/>\n<script type=\"application\/ld+json\" class=\"yoast-schema-graph\">{\"@context\":\"https:\/\/schema.org\",\"@graph\":[{\"@type\":\"WebPage\",\"@id\":\"https:\/\/lecampbell-sablon.be\/en\/contact-bruxelles\/\",\"url\":\"https:\/\/lecampbell-sablon.be\/en\/contact-bruxelles\/\",\"name\":\"Le Campbell \u00e0 Bruxelles - Contact\",\"isPartOf\":{\"@id\":\"https:\/\/lecampbell-sablon.be\/en\/#website\"},\"datePublished\":\"2022-09-09T10:55:30+00:00\",\"dateModified\":\"2023-03-15T16:51:34+00:00\",\"description\":\"Vous d\u00e9sirez organiser une soir\u00e9e priv\u00e9e pour les salari\u00e9s de votre entreprise ou pour votre \u00e9quipe et vous recherchez un lieu \u00e0 Bruxelles ?\",\"breadcrumb\":{\"@id\":\"https:\/\/lecampbell-sablon.be\/en\/contact-bruxelles\/#breadcrumb\"},\"inLanguage\":\"en-US\",\"potentialAction\":[{\"@type\":\"ReadAction\",\"target\":[\"https:\/\/lecampbell-sablon.be\/en\/contact-bruxelles\/\"]}]},{\"@type\":\"BreadcrumbList\",\"@id\":\"https:\/\/lecampbell-sablon.be\/en\/contact-bruxelles\/#breadcrumb\",\"itemListElement\":[{\"@type\":\"ListItem\",\"position\":1,\"name\":\"Accueil\",\"item\":\"https:\/\/lecampbell-sablon.be\/en\/\"},{\"@type\":\"ListItem\",\"position\":2,\"name\":\"Contact\"}]},{\"@type\":\"WebSite\",\"@id\":\"https:\/\/lecampbell-sablon.be\/en\/#website\",\"url\":\"https:\/\/lecampbell-sablon.be\/en\/\",\"name\":\"Le Campbell\",\"description\":\"\",\"publisher\":{\"@id\":\"https:\/\/lecampbell-sablon.be\/en\/#organization\"},\"potentialAction\":[{\"@type\":\"SearchAction\",\"target\":{\"@type\":\"EntryPoint\",\"urlTemplate\":\"https:\/\/lecampbell-sablon.be\/en\/?s={search_term_string}\"},\"query-input\":{\"@type\":\"PropertyValueSpecification\",\"valueRequired\":true,\"valueName\":\"search_term_string\"}}],\"inLanguage\":\"en-US\"},{\"@type\":\"Organization\",\"@id\":\"https:\/\/lecampbell-sablon.be\/en\/#organization\",\"name\":\"Le Campbell\",\"url\":\"https:\/\/lecampbell-sablon.be\/en\/\",\"logo\":{\"@type\":\"ImageObject\",\"inLanguage\":\"en-US\",\"@id\":\"https:\/\/lecampbell-sablon.be\/en\/#\/schema\/logo\/image\/\",\"url\":\"https:\/\/lecampbell-sablon.be\/wp-content\/uploads\/2022\/10\/Logo-campbell.jpeg\",\"contentUrl\":\"https:\/\/lecampbell-sablon.be\/wp-content\/uploads\/2022\/10\/Logo-campbell.jpeg\",\"width\":1024,\"height\":313,\"caption\":\"Le Campbell\"},\"image\":{\"@id\":\"https:\/\/lecampbell-sablon.be\/en\/#\/schema\/logo\/image\/\"}}]}<\/script>\n<!-- \/ Yoast SEO plugin. -->","yoast_head_json":{"title":"Le Campbell \u00e0 Bruxelles - Contact","description":"Vous d\u00e9sirez organiser une soir\u00e9e priv\u00e9e pour les salari\u00e9s de votre entreprise ou pour votre \u00e9quipe et vous recherchez un lieu \u00e0 Bruxelles ?","robots":{"index":"index","follow":"follow","max-snippet":"max-snippet:-1","max-image-preview":"max-image-preview:large","max-video-preview":"max-video-preview:-1"},"canonical":"https:\/\/lecampbell-sablon.be\/en\/contact-bruxelles\/","og_locale":"en_US","og_type":"article","og_title":"Le Campbell \u00e0 Bruxelles - Contact","og_description":"Vous d\u00e9sirez organiser une soir\u00e9e priv\u00e9e pour les salari\u00e9s de votre entreprise ou pour votre \u00e9quipe et vous recherchez un lieu \u00e0 Bruxelles ?","og_url":"https:\/\/lecampbell-sablon.be\/en\/contact-bruxelles\/","og_site_name":"Campbell","article_modified_time":"2023-03-15T16:51:34+00:00","og_image":[{"width":776,"height":192,"url":"https:\/\/lecampbell-sablon.be\/wp-content\/uploads\/2022\/09\/logo.png","type":"image\/png"}],"twitter_card":"summary_large_image","twitter_misc":{"Est. reading time":"2 minutes"},"schema":{"@context":"https:\/\/schema.org","@graph":[{"@type":"WebPage","@id":"https:\/\/lecampbell-sablon.be\/en\/contact-bruxelles\/","url":"https:\/\/lecampbell-sablon.be\/en\/contact-bruxelles\/","name":"Le Campbell \u00e0 Bruxelles - Contact","isPartOf":{"@id":"https:\/\/lecampbell-sablon.be\/en\/#website"},"datePublished":"2022-09-09T10:55:30+00:00","dateModified":"2023-03-15T16:51:34+00:00","description":"Vous d\u00e9sirez organiser une soir\u00e9e priv\u00e9e pour les salari\u00e9s de votre entreprise ou pour votre \u00e9quipe et vous recherchez un lieu \u00e0 Bruxelles ?","breadcrumb":{"@id":"https:\/\/lecampbell-sablon.be\/en\/contact-bruxelles\/#breadcrumb"},"inLanguage":"en-US","potentialAction":[{"@type":"ReadAction","target":["https:\/\/lecampbell-sablon.be\/en\/contact-bruxelles\/"]}]},{"@type":"BreadcrumbList","@id":"https:\/\/lecampbell-sablon.be\/en\/contact-bruxelles\/#breadcrumb","itemListElement":[{"@type":"ListItem","position":1,"name":"Accueil","item":"https:\/\/lecampbell-sablon.be\/en\/"},{"@type":"ListItem","position":2,"name":"Contact"}]},{"@type":"WebSite","@id":"https:\/\/lecampbell-sablon.be\/en\/#website","url":"https:\/\/lecampbell-sablon.be\/en\/","name":"Le Campbell","description":"","publisher":{"@id":"https:\/\/lecampbell-sablon.be\/en\/#organization"},"potentialAction":[{"@type":"SearchAction","target":{"@type":"EntryPoint","urlTemplate":"https:\/\/lecampbell-sablon.be\/en\/?s={search_term_string}"},"query-input":{"@type":"PropertyValueSpecification","valueRequired":true,"valueName":"search_term_string"}}],"inLanguage":"en-US"},{"@type":"Organization","@id":"https:\/\/lecampbell-sablon.be\/en\/#organization","name":"Le Campbell","url":"https:\/\/lecampbell-sablon.be\/en\/","logo":{"@type":"ImageObject","inLanguage":"en-US","@id":"https:\/\/lecampbell-sablon.be\/en\/#\/schema\/logo\/image\/","url":"https:\/\/lecampbell-sablon.be\/wp-content\/uploads\/2022\/10\/Logo-campbell.jpeg","contentUrl":"https:\/\/lecampbell-sablon.be\/wp-content\/uploads\/2022\/10\/Logo-campbell.jpeg","width":1024,"height":313,"caption":"Le Campbell"},"image":{"@id":"https:\/\/lecampbell-sablon.be\/en\/#\/schema\/logo\/image\/"}}]}},"_links":{"self":[{"href":"https:\/\/lecampbell-sablon.be\/en\/wp-json\/wp\/v2\/pages\/1574","targetHints":{"allow":["GET"]}}],"collection":[{"href":"https:\/\/lecampbell-sablon.be\/en\/wp-json\/wp\/v2\/pages"}],"about":[{"href":"https:\/\/lecampbell-sablon.be\/en\/wp-json\/wp\/v2\/types\/page"}],"author":[{"embeddable":true,"href":"https:\/\/lecampbell-sablon.be\/en\/wp-json\/wp\/v2\/users\/2"}],"replies":[{"embeddable":true,"href":"https:\/\/lecampbell-sablon.be\/en\/wp-json\/wp\/v2\/comments?post=1574"}],"version-history":[{"count":4,"href":"https:\/\/lecampbell-sablon.be\/en\/wp-json\/wp\/v2\/pages\/1574\/revisions"}],"predecessor-version":[{"id":1637,"href":"https:\/\/lecampbell-sablon.be\/en\/wp-json\/wp\/v2\/pages\/1574\/revisions\/1637"}],"wp:attachment":[{"href":"https:\/\/lecampbell-sablon.be\/en\/wp-json\/wp\/v2\/media?parent=1574"}],"curies":[{"name":"wp","href":"https:\/\/api.w.org\/{rel}","templated":true}]}}